{"id":3974,"date":"2021-01-10T21:39:46","date_gmt":"2021-01-11T02:39:46","guid":{"rendered":"https:\/\/www.saleshackers.com.mx\/clone-of-paso-5-un-mensaje-sales-hackers\/"},"modified":"2021-01-10T21:39:46","modified_gmt":"2021-01-11T02:39:46","slug":"paso_4","status":"publish","type":"page","link":"https:\/\/365i.mx\/index.php\/paso_4\/","title":{"rendered":"Paso 4: Renueva tu perfil| Sales Hackers"},"content":{"rendered":"<p><span><a href=\"https:\/\/www.saleshackers.com.mx\/\"><img alt=\"\" width=\"232\" height=\"76\" title=\"Sales_hackers-H-C-Negro\" data-id=\"3574\" src=\"https:\/\/www.saleshackers.com.mx\/wp-content\/uploads\/2020\/10\/Sales_hackers-H-C-Negro.png\" data-width=\"232\" data-height=\"76\" data-init-width=\"3196\" data-init-height=\"1038\" ml-d=\"-1\" style=\"\" data-link-wrap=\"true\" loading=\"lazy\"><\/a><\/span><\/p>\n<h1 style=\"text-align: center;\"><strong>#4. RENUEVA tu perfil<\/strong><\/h1>\n<p style=\"\"><span style=\"\"><strong><span style=\"\"><\/span><\/strong><\/span><strong>No est\u00e1s buscando vacantes.<\/strong><\/p>\n<p style=\"\">Muchos perfiles de LinkedIn est\u00e1n optimizados para buscar empleo.<\/p>\n<p style=\"\">El tuyo debe estar enfocado en despertar curiosidad sobre:<\/p>\n<p style=\"\">&nbsp;\u00bfQUI\u00c9N ERES Y QU\u00c9 OFRECES?<\/p>\n<p style=\"text-align: center;\"><span style=\"text-transform: uppercase;\">LECCI\u00d3N 3<\/span><\/p>\n<p style=\"text-align: center;\"><strong>ESCALA<\/strong> tu nicho<\/p>\n<p style=\"text-align: center;\"><a href=\"https:\/\/www.saleshackers.com.mx\/paso_3\/\" style=\"outline: none;\"><strong><span style=\"text-decoration: underline;\">REGRESAR AL VIDEO<\/span><\/strong><\/a><\/p>\n<p style=\"text-align: center;\"><span style=\"text-transform: uppercase;\">LECCI\u00d3N 4<\/span><\/p>\n<p style=\"text-align: center;\"><strong>RENUEVA<\/strong> tu perfil<\/p>\n<p style=\"text-align: center;\"><span style=\"text-transform: uppercase;\">LECCI\u00d3N 5<\/span><\/p>\n<p style=\"text-align: center;\">Un mensaje<\/p>\n<p style=\"text-align: center;\"><a href=\"https:\/\/www.saleshackers.com.mx\/paso_5\/\" style=\"outline: none;\"><strong><span style=\"text-decoration: underline;\">IR AL VIDEO<\/span><\/strong><\/a><\/p>\n<p style=\"text-align: center;\"><strong>Si a\u00fan no has agendado tu llamada&#8230;<\/strong><\/p>\n<p><strong><span style=\"font-size: 21px;\">Alejandro Davison<\/span><\/strong><\/p>\n<p><span style=\"font-size: 16px;\">CEO &amp; Founder Sales Hackers<\/span><\/p>\n<p>Alejandro y el equipo de Sales Hackers est\u00e1n obsesionados con ayudar a su comunidad de emprendedores, empresarios y profesionales de ventas a desarrollar la mentalidad y habilidades necesarias para incrementar sus ventas, desde la filosof\u00eda \u00abmenos es m\u00e1s\u00bb.<\/p>\n<p><span style=\"width: 100%;\"><img alt=\"\" width=\"282\" height=\"284\" title=\"72762055_10156789649997099_3710323235133325312_o\" data-id=\"2694\" src=\"\/\/www.predict-recruiting.com\/wp-content\/uploads\/2020\/06\/72762055_10156789649997099_3710323235133325312_o.jpg\" style=\"\" data-width=\"282\" data-height=\"284\" data-init-width=\"953\" data-init-height=\"960\" loading=\"lazy\"><\/span><\/p>\n<p style=\"text-align: center;\">Copyright 2020, Sales Hackers LATAM &#8211; <a href=\"#\" style=\"outline: none;\">Disclaimer<\/a><\/p>\n","protected":false},"excerpt":{"rendered":"<p>#4. RENUEVA tu perfil No est\u00e1s buscando vacantes. Muchos perfiles de LinkedIn est\u00e1n optimizados para buscar empleo. El tuyo debe estar enfocado en despertar curiosidad sobre: &nbsp;\u00bfQUI\u00c9N ERES Y QU\u00c9 OFRECES? LECCI\u00d3N 3 ESCALA tu nicho REGRESAR AL VIDEO LECCI\u00d3N 4 RENUEVA tu perfil LECCI\u00d3N 5 Un mensaje IR AL VIDEO Si a\u00fan no has [&hellip;]<\/p>\n","protected":false},"author":3,"featured_media":0,"parent":0,"menu_order":0,"comment_status":"closed","ping_status":"closed","template":"","meta":[],"_links":{"self":[{"href":"https:\/\/365i.mx\/index.php\/wp-json\/wp\/v2\/pages\/3974"}],"collection":[{"href":"https:\/\/365i.mx\/index.php\/wp-json\/wp\/v2\/pages"}],"about":[{"href":"https:\/\/365i.mx\/index.php\/wp-json\/wp\/v2\/types\/page"}],"author":[{"embeddable":true,"href":"https:\/\/365i.mx\/index.php\/wp-json\/wp\/v2\/users\/3"}],"replies":[{"embeddable":true,"href":"https:\/\/365i.mx\/index.php\/wp-json\/wp\/v2\/comments?post=3974"}],"version-history":[{"count":0,"href":"https:\/\/365i.mx\/index.php\/wp-json\/wp\/v2\/pages\/3974\/revisions"}],"wp:attachment":[{"href":"https:\/\/365i.mx\/index.php\/wp-json\/wp\/v2\/media?parent=3974"}],"curies":[{"name":"wp","href":"https:\/\/api.w.org\/{rel}","templated":true}]}}