{"id":2197,"date":"2021-02-11T00:57:47","date_gmt":"2021-02-11T00:57:47","guid":{"rendered":"https:\/\/365i.mx\/?page_id=2197"},"modified":"2021-03-04T23:17:34","modified_gmt":"2021-03-04T23:17:34","slug":"new_home","status":"publish","type":"page","link":"https:\/\/365i.mx\/index.php\/new_home\/","title":{"rendered":"365i Landing Page"},"content":{"rendered":"<h1 style=\"text-align: center;\"><b>1 SOLUCI\u00d3N A <\/b><b>3 PROBLEMAS GRAVES&nbsp;<\/b><\/h1>\n<h1 style=\"text-align: center;\"><b>Y COMUNES EN TU INFRAESTRUCTURA DE TI<\/b><\/h1>\n<h1 style=\"text-align: center;\"><b>1 SOLUCI\u00d3N <\/b><b>A&nbsp;<\/b><\/h1>\n<h1 style=\"text-align: center;\"><b><\/b><b>3 PROBLEMAS GRAVES <\/b><\/h1>\n<h1 style=\"text-align: center;\"><b>Y COMUNES EN TU<\/b><\/h1>\n<h1 style=\"text-align: center;\"><b>&nbsp;INFRAESTRUCTURA DE TI<\/b><\/h1>\n<\/p>\n<p style=\"text-align: center;\"><span style=\"color: rgb(0, 110, 160);\">ALGUNOS<\/span> CLIENTES<\/p>\n<p><span style=\"\"><img alt=\"\" data-id=\"4151\" width=\"152\" data-init-width=\"322\" height=\"74\" data-init-height=\"156\" title=\"DelValle\" src=\"https:\/\/365i.mx\/wp-content\/uploads\/2021\/02\/DelValle.png\" data-width=\"152\" data-height=\"74\" style=\"\" mt-m=\"0\" ml-m=\"0\" loading=\"lazy\"><\/span><span style=\"\"><img alt=\"\" data-id=\"4150\" width=\"152\" data-init-width=\"770\" height=\"152\" data-init-height=\"770\" title=\"Dayco\" src=\"https:\/\/365i.mx\/wp-content\/uploads\/2021\/02\/Dayco.jpg\" data-width=\"152\" data-height=\"152\" style=\"\" mt-m=\"-1.0159999999999911\" loading=\"lazy\"><\/span><span style=\"\"><img alt=\"\" data-id=\"4149\" width=\"152\" data-init-width=\"1135\" height=\"63\" data-init-height=\"468\" title=\"Aeromexico\" src=\"https:\/\/365i.mx\/wp-content\/uploads\/2021\/02\/Aeromexico.jpg\" data-width=\"152\" data-height=\"63\" style=\"\" mt-m=\"-1.0156000000000063\" loading=\"lazy\"><\/span><span style=\"\"><img alt=\"\" data-id=\"4072\" width=\"152\" data-init-width=\"1967\" height=\"43\" data-init-height=\"559\" title=\"bimbo logo\" src=\"https:\/\/www.saleshackers.com.mx\/wp-content\/uploads\/2021\/02\/bimbo-logo.png\" data-width=\"152\" data-height=\"43\" style=\"\" mt-m=\"0\" ml-m=\"0\" loading=\"lazy\"><\/span><span><img alt=\"\" data-id=\"4078\" width=\"152\" data-init-width=\"800\" height=\"120\" data-init-height=\"630\" title=\"mahle_r_textimage\" src=\"https:\/\/www.saleshackers.com.mx\/wp-content\/uploads\/2021\/02\/mahle_r_textimage.jpg\" data-width=\"152\" data-height=\"120\" style=\"\" loading=\"lazy\"><\/span><span><img alt=\"\" data-id=\"4155\" width=\"152\" data-init-width=\"400\" height=\"95\" data-init-height=\"250\" title=\"Spectrum\" src=\"https:\/\/365i.mx\/wp-content\/uploads\/2021\/02\/Spectrum.jpg\" data-width=\"152\" data-height=\"95\" style=\"\" loading=\"lazy\"><\/span><\/p>\n<h1 style=\"text-align: center;\"><span style=\"font-weight: normal;\"><span><span style=\"color: rgb(148, 200, 61);\">A QUIEN<\/span> VAMOS DIRIGIDOS<\/span><\/span><\/h1>\n<p style=\"text-align: center;\"><strong><span>Due\u00f1os de negocio &amp; L\u00edderes de TI<\/span><\/strong> que tienen o quieren prevenir alguno de estos <span>5 problemas<\/span>:<\/p>\n<h3 style=\"\" id=\"t-1608138576977\"><span style=\"\">5 problemas graves y comunes:<\/span><\/h3>\n<p style=\"text-align: center;\"><strong>Fallas de conexi\u00f3n de red<\/strong><\/p>\n<p><span style=\"\"><img alt=\"\" data-id=\"4099\" width=\"160\" data-init-width=\"250\" height=\"160\" data-init-height=\"250\" title=\"problems (2)\" src=\"https:\/\/www.saleshackers.com.mx\/wp-content\/uploads\/2021\/02\/problems-2-1.png\" data-width=\"160\" data-height=\"160\" style=\"\" ml-d=\"0\" mt-d=\"0\" loading=\"lazy\"><\/span><\/p>\n<p style=\"text-align: center;\"><strong>Ataques cibern\u00e9ticos<\/strong><\/p>\n<p><span style=\"\"><img alt=\"\" data-id=\"4100\" width=\"160\" data-init-width=\"250\" height=\"160\" data-init-height=\"250\" title=\"problems (1)\" src=\"https:\/\/www.saleshackers.com.mx\/wp-content\/uploads\/2021\/02\/problems-1-1.png\" data-width=\"160\" data-height=\"160\" style=\"margin-left: 0px;\" ml-d=\"0\" center-h-d=\"false\" mt-d=\"-3.5589999999999975\" mt-m=\"-4\" loading=\"lazy\"><\/span><\/p>\n<p style=\"text-align: center;\"><strong>P\u00e9rdida de clientes<\/strong><\/p>\n<p><span style=\"\"><img alt=\"\" data-id=\"4167\" width=\"160\" data-init-width=\"250\" height=\"160\" data-init-height=\"250\" title=\"problems (10)\" src=\"https:\/\/365i.mx\/wp-content\/uploads\/2021\/02\/problems-10.png\" data-width=\"160\" data-height=\"160\" style=\"\" ml-d=\"0\" center-h-d=\"false\" mt-d=\"0\" center-v-d=\"false\" loading=\"lazy\"><\/span><\/p>\n<p style=\"text-align: center;\"><strong>Intrusiones no deseadas<\/strong><\/p>\n<p><span style=\"\"><img alt=\"\" data-id=\"4168\" width=\"180\" data-init-width=\"250\" height=\"180\" data-init-height=\"250\" title=\"problems (9)\" src=\"https:\/\/365i.mx\/wp-content\/uploads\/2021\/02\/problems-9.png\" data-width=\"180\" data-height=\"180\" style=\"\" ml-d=\"0\" center-h-d=\"false\" mt-d=\"0\" center-v-d=\"false\" loading=\"lazy\"><\/span><\/p>\n<p style=\"text-align: center;\"><strong>Robos al negocio<\/strong><\/p>\n<p><span style=\"\"><img alt=\"\" data-id=\"4097\" width=\"180\" data-init-width=\"250\" height=\"180\" data-init-height=\"250\" title=\"problems (4)\" src=\"https:\/\/www.saleshackers.com.mx\/wp-content\/uploads\/2021\/02\/problems-4-2.png\" data-width=\"180\" data-height=\"180\" style=\"\" ml-d=\"0\" center-h-d=\"false\" mt-d=\"0\" center-v-d=\"false\" loading=\"lazy\"><\/span><\/p>\n<h2 style=\"text-align: center;\"><span style=\"font-weight: normal;\"><span><span style=\"color: rgb(0, 110, 160);\">SOLUCIONES<\/span>&nbsp;<\/span>EN SEGURIDAD ELECTR\u00d3NICA<\/span><\/h2>\n<h4 style=\"\">MONITOREO<\/h4>\n<p style=\"\">Dise\u00f1amos e integramos soluciones digitales de monitoreo para la industria y el comercio.<\/p>\n<ul>\n<li><span style=\"\">An\u00e1lisis del comportamiento de los clientes<\/span><\/li>\n<li><span style=\"\">C\u00e1lculo de volumen en cuerpos irregulares<\/span><\/li>\n<li><span style=\"\">Rastreo de desviaciones en la calidad en procesos de fabricaci\u00f3n<\/span><\/li>\n<li><span style=\"\">Anal\u00edtica de video aplicada al mejoramiento de la experiencia de los clientes<\/span><\/li>\n<li><span style=\"\">Atenci\u00f3n a cliente<\/span><\/li>\n<\/ul>\n<h4 style=\"\">VIDEOVIGILANCIA<\/h4>\n<p style=\"\">Dise\u00f1amos e integramos soluciones digitales de videovigilancia para la industria y el comercio.<\/p>\n<ul>\n<li><span style=\"\">Seguridad en general<\/span><\/li>\n<li><span style=\"\">Prevenci\u00f3n de accidentes<\/span><\/li>\n<\/ul>\n<h4 style=\"\">CIBERSEGURIDAD<\/h4>\n<ul>\n<li><span style=\"\">Seguridad perimetral<\/span><\/li>\n<li><span style=\"\">Antihacking<\/span><\/li>\n<li><span style=\"\">Backup<\/span><\/li>\n<\/ul>\n<h4 style=\"\">CONTROL DE ACCESO<\/h4>\n<ul>\n<li><span style=\"\">Veh\u00edculos (RFID, Detecci\u00f3n de placas, etc.)<\/span><\/li>\n<li><span style=\"\">Personas (Reconocimiento facial, temperatura, etc.)<\/span><\/li>\n<\/ul>\n<h4 style=\"\">DETECCI\u00d3N DE INCENDIOS<\/h4>\n<p style=\"\">Sistemas de alta tecnolog\u00eda cableados o inal\u00e1mbricos de detecci\u00f3n de humo y\/o de calor.<\/p>\n<ul>\n<li><span style=\"\">Comercio<\/span><\/li>\n<li><span style=\"\">Industria<\/span><\/li>\n<li><span style=\"\">Almacenes<\/span><\/li>\n<\/ul>\n<h2 style=\"text-align: center;\"><span style=\"font-weight: normal;\"><span><span style=\"color: rgb(148, 200, 61);\">SOLUCIONES<\/span>&nbsp;<\/span>EN TELECOMUNICACIONES<\/span><\/h2>\n<h4 style=\"\">CABLEADO ESTRUCTURADO<\/h4>\n<p style=\"\">Somos instaladores certificados de cable de cobre UTP cat. 6\/6 A, as\u00ed como de fibra \u00f3ptica para voz\/datos\/video.<\/p>\n<ul>\n<li><span style=\"\">Conexi\u00f3n de red estable<\/span><\/li>\n<li><span style=\"\">Elimina la p\u00e9rdida de informaci\u00f3n<\/span><\/li>\n<li><span style=\"\">Incrementa el nivel de servicio a tus clientes<\/span><\/li>\n<\/ul>\n<h4 style=\"\">WIFI \/ WIRELESS<\/h4>\n<p style=\"\">Integramos soluciones de WIFI para \u00e1reas amplias o de alta densidad:&nbsp;<\/p>\n<ul>\n<li><span style=\"\">Universidades&nbsp; &nbsp;<\/span><\/li>\n<li><span style=\"\">Hoteles&nbsp; &nbsp; &nbsp;<\/span><\/li>\n<li><span style=\"\">Centros comerciales&nbsp;&nbsp;<\/span><\/li>\n<li><span style=\"\">Auditorios&nbsp;<\/span><\/li>\n<li><span style=\"\">Restaurantes&nbsp;<\/span><\/li>\n<\/ul>\n<h4 style=\"\">DATA CENTER<\/h4>\n<p style=\"\">Dise\u00f1o e implementaci\u00f3n de la infraestructura de telecomunicaciones para su centro de datos.<\/p>\n<ul>\n<li><span style=\"\">Tu informaci\u00f3n segura y accesible en todo tiempo<\/span><\/li>\n<li><span style=\"\">Respaldos ante cualquier contingencia<\/span><\/li>\n<li><span style=\"\">Informaci\u00f3n para toma de decisiones en tiempo real&nbsp;&nbsp;<\/span><\/li>\n<li><span style=\"\">Se evitan ca\u00eddas de sistema, alargando la vida \u00fatil de tus equipos<\/span><\/li>\n<\/ul>\n<h4 style=\"\">VoIP<\/h4>\n<p style=\"\">Integramos soluciones de colaboraci\u00f3n que le permitir\u00e1n unificar sus comunicaciones y sus procesos de trabajo.<\/p>\n<ul>\n<li><span style=\"\">Incrementa la productividad de tus empleados&nbsp; &nbsp;&nbsp;<\/span><\/li>\n<li><span style=\"\">Evita que las llamadas se corten por mala recepci\u00f3n&nbsp; &nbsp;<\/span><\/li>\n<li><span style=\"\">Garantiza una atenci\u00f3n oportuna a tus clientes&nbsp;<\/span><\/li>\n<li><span style=\"\">Brinda movilidad a tus colaboradores<\/span><\/li>\n<\/ul>\n<h2 style=\"text-align: center;\"><span style=\"font-weight: normal;\"><span>CASOS DE \u00c9XITO<\/span> Y TESTIMONIOS<\/span><\/h2>\n<p><span><img alt=\"\" data-id=\"4104\" width=\"250\" data-init-width=\"600\" height=\"250\" data-init-height=\"600\" title=\"Oscar Garc\u00eda\" src=\"https:\/\/www.saleshackers.com.mx\/wp-content\/uploads\/2021\/02\/Oscar-Garcia.png\" data-width=\"250\" data-height=\"250\" style=\"\" loading=\"lazy\"><\/span><\/p>\n<h2 style=\"text-align: center;\"><span>OSCAR GARC\u00cdA<\/span><\/h2>\n<h2 style=\"text-align: center;\"><span>AEROM\u00c9XICO CARGO<\/span><\/h2>\n<p style=\"\"><span style=\"\">\u2022<strong>Contexto:<\/strong> AEROM\u00c9XICO Cargo son nuestros clientes desde hace 7 a\u00f1os, y estamos presentes con nuestras soluciones de TI en sus 42 sucursales dentro y fuera de M\u00e9xico<\/span><\/p>\n<p style=\"\"><span style=\"\">\u2022<strong>Problema:<\/strong> Su infraestructura ten\u00eda problemas de conexi\u00f3n y con ello, muchas reclamaciones de parte de los clientes.<\/span><\/p>\n<p style=\"\"><span style=\"\">Los proveedores previos, ofrec\u00edan servicios tod\u00f3logos que no analizaban ni resolv\u00edan los problemas de ra\u00edz.<\/span><\/p>\n<p style=\"\"><span style=\"\">\u2022<strong>Soluci\u00f3n:<\/strong> <\/span><em><span style=\"\">\u201cAl homologar todo el sistema de infraestructura y cableado, se logr\u00f3 que nuestros clientes tuvieran un seguimiento en tiempo real de sus pedidos\u201d<\/span><\/em><\/p>\n<p data-empty=\"true\" style=\"\"><em><span style=\"\">\u2022\u201cTenemos soporte 24\/7 a nivel nacional e internacional\u201d<\/span><\/em><\/p>\n<p data-empty=\"true\" style=\"\"><em><span style=\"\">\u2022\u201cNuestra facturaci\u00f3n se ha triplicado desde entonces\u00bb<\/span><\/em><\/p>\n<p><span><img alt=\"\" data-id=\"4103\" width=\"250\" data-init-width=\"600\" height=\"250\" data-init-height=\"600\" title=\"Jorge Luis Pedraza\" src=\"https:\/\/www.saleshackers.com.mx\/wp-content\/uploads\/2021\/02\/Jorge-Luis-Pedraza.png\" data-width=\"250\" data-height=\"250\" style=\"\" loading=\"lazy\"><\/span><\/p>\n<h2 style=\"text-align: center;\"><span>JORGE LUIS PEDRAZA<\/span><\/h2>\n<h2 style=\"text-align: center;\"><span>GRUPO DAYCO<\/span><\/h2>\n<p style=\"\"><strong><span style=\"\">\u2022Contexto:<\/span><\/strong><span style=\"\"> Un problema en el sector de los combustibles, son los asaltos.&nbsp;<\/span><\/p>\n<p style=\"\"><span style=\"\"><strong>\u2022Problema<\/strong>: El sistema de monitoreo que ellos mismos instalaron no cubr\u00eda el 100% de su \u00e1rea, ten\u00eda mala visibilidad y las grabaciones no siempre quedaban guardadas.&nbsp;<\/span><\/p>\n<p><!--[if ppt]--><span>\u2022 El no saber exactamente lo que suced\u00eda en cada asalto no permit\u00eda implementar acciones al respecto. &nbsp;<\/span><span>&nbsp;<\/span><\/p>\n<p style=\"\"><span style=\"\"><strong>\u2022Soluci\u00f3n:<\/strong> <em>\u201cGracias 365i todas nuestras estaciones usan el mismo sistema de monitoreo, ahora puedo ver desde mi celular el d\u00eda a d\u00eda de la operaci\u00f3n as\u00ed como supervisar a mi personal en todo momento\u201d<\/em><\/span><\/p>\n<p style=\"\"><em><span style=\"\">\u2022\u201cSe han aclarado muchas situaciones de robo, y tengo la tranquilidad de que el problema ha disminuido dr\u00e1sticamente\u201d<\/span><\/em><\/p>\n<h2 style=\"text-align: center;\">CLIENTES<\/h2>\n<p><span><img alt=\"\" data-id=\"4158\" width=\"750\" data-init-width=\"877\" height=\"95\" data-init-height=\"111\" title=\"clientes1\" src=\"https:\/\/365i.mx\/wp-content\/uploads\/2021\/02\/clientes1.jpg\" data-width=\"750\" data-height=\"95\" style=\"\" loading=\"lazy\"><\/span><span><img alt=\"\" data-id=\"4159\" width=\"750\" data-init-width=\"877\" height=\"121\" data-init-height=\"141\" title=\"clientes2\" src=\"https:\/\/365i.mx\/wp-content\/uploads\/2021\/02\/clientes2.jpg\" data-width=\"750\" data-height=\"121\" style=\"\" loading=\"lazy\"><\/span><span><img alt=\"\" data-id=\"4160\" width=\"750\" data-init-width=\"877\" height=\"100\" data-init-height=\"117\" title=\"clientes3\" src=\"https:\/\/365i.mx\/wp-content\/uploads\/2021\/02\/clientes3.jpg\" data-width=\"750\" data-height=\"100\" style=\"\" loading=\"lazy\"><\/span><span style=\"\"><img alt=\"\" data-id=\"4161\" width=\"750\" data-init-width=\"877\" height=\"95\" data-init-height=\"111\" title=\"clientes4\" src=\"https:\/\/365i.mx\/wp-content\/uploads\/2021\/02\/clientes4.jpg\" data-width=\"750\" data-height=\"95\" style=\"\" mt-d=\"-4.75\" loading=\"lazy\"><\/span><span style=\"\"><img alt=\"\" data-id=\"4162\" width=\"750\" data-init-width=\"877\" height=\"131\" data-init-height=\"153\" title=\"clientes5\" src=\"https:\/\/365i.mx\/wp-content\/uploads\/2021\/02\/clientes5.jpg\" data-width=\"750\" data-height=\"131\" style=\"\" mt-d=\"-6.546999999999997\" loading=\"lazy\"><\/span><\/p>\n<h2 style=\"text-align: center;\">NUESTROS <span>PARTNERS<\/span><\/h2>\n<p><span><img alt=\"\" data-id=\"4114\" width=\"800\" data-init-width=\"933\" height=\"495\" data-init-height=\"577\" title=\"Partners\" src=\"https:\/\/www.saleshackers.com.mx\/wp-content\/uploads\/2021\/02\/Partners.png\" data-width=\"800\" data-height=\"495\" style=\"\" loading=\"lazy\"><\/span><\/p>\n<h2 id=\"t-1608138576981\" style=\"text-align: center;\"><span> <span style=\"color: rgb(148, 200, 61);\">SOLUCIONES<\/span><span> ADMINISTRADAS DE TI<\/span><\/span><\/h2>\n<p style=\"text-align: center;\">Agenda una llamada con alguno de nuestros expertos, para asesorarte sobre que soluci\u00f3n necesitas<\/p>\n<p><a href=\"#\"><span><span>Instance 1<\/span><\/span><\/a><\/p>\n<h5 style=\"\">solucionesadministradas<\/h5>\n<ul>\n<li style=\"\"><span style=\"\">Consultor\u00eda y arquitectura de la soluci\u00f3n&nbsp;<\/span><\/li>\n<li style=\"\"><span style=\"\">Monitoreo en tiempo real<\/span><\/li>\n<li style=\"\"><span style=\"\">Ciberseguridad<\/span><\/li>\n<li style=\"\"><span style=\"\">Soporte t\u00e9cnico ilimitado<\/span><\/li>\n<li style=\"\"><span style=\"\">Mantenimiento preventivo y correctivo<\/span><\/li>\n<li style=\"\"><span style=\"\">Garant\u00eda extendida<\/span><\/li>\n<\/ul>\n<p style=\"\"><em><em><em>*Da clic aqu\u00ed para tener una llamada diagn\u00f3stico con un experto<\/em><\/em><\/em><\/p>\n<h2 style=\"text-align: center;\"><span style=\"font-weight: normal;\"><span style=\"color: rgb(0, 110, 160);\">PREGUNTAS<\/span> <span>FRECUENTES<\/span><\/span><\/h2>\n<h4 style=\"\"><span data-contrast=\"none\" data-scheme-color=\"@3E3E3E,,\" data-usefontface=\"true\" lang=\"ES-MX\">\u00bfQu\u00e9 experiencia tiene 365i?<\/span><\/h4>\n<p style=\"\">Tenemos m\u00e1s de 20 a\u00f1os de experiencia en el ramo<\/p>\n<h4 style=\"\"><span data-contrast=\"none\" data-scheme-color=\"@3E3E3E,,\" data-usefontface=\"true\" lang=\"ES-MX\">\u00bfEn qu\u00e9 tiempo se prepara una propuesta t\u00e9cnica?&nbsp;<\/span><\/h4>\n<p style=\"\">Se realiza en 3 d\u00edas<\/p>\n<h4 style=\"\"><span data-contrast=\"none\" data-scheme-color=\"@3E3E3E,,\" data-usefontface=\"true\" lang=\"ES-MX\">\u00bfEs 365i la opci\u00f3n m\u00e1s econ\u00f3mica?<\/span><\/h4>\n<p style=\"\">No, nuestra propuesta se enfoca en servicios hechos a la medida<\/p>\n<h4 style=\"\"><span data-contrast=\"none\" data-scheme-color=\"@3E3E3E,,\" data-usefontface=\"true\" lang=\"EN-US\">\u00bf<\/span><span data-contrast=\"none\" data-scheme-color=\"@3E3E3E,,\" data-usefontface=\"true\" lang=\"ES-MX\">El diagn\u00f3stico y elaboraci\u00f3n de soluci\u00f3n tiene costo?<\/span><\/h4>\n<p style=\"\">No<\/p>\n<h4 style=\"\"><span data-contrast=\"none\" data-scheme-color=\"@3E3E3E,,\" data-usefontface=\"true\" lang=\"ES-MX\">\u00bfTiene garant\u00eda la instalaci\u00f3n?<\/span><\/h4>\n<p style=\"\">12 meses<\/p>\n<h4 style=\"\"><span data-contrast=\"none\" data-scheme-color=\"@3E3E3E,,\" data-usefontface=\"true\" lang=\"ES-MX\">\u00bfTengo que parar mi operaci\u00f3n para hacer la instalaci\u00f3n?<\/span><\/h4>\n<p style=\"\">No, somos flexibles y podemos adaptarnos a sus horarios<\/p>\n","protected":false},"excerpt":{"rendered":"<p>1 SOLUCI\u00d3N A 3 PROBLEMAS GRAVES&nbsp; Y COMUNES EN TU INFRAESTRUCTURA DE TI 1 SOLUCI\u00d3N A&nbsp; 3 PROBLEMAS GRAVES Y COMUNES EN TU &nbsp;INFRAESTRUCTURA DE TI ALGUNOS CLIENTES A QUIEN VAMOS DIRIGIDOS Due\u00f1os de negocio &amp; L\u00edderes de TI que tienen o quieren prevenir alguno de estos 5 problemas: 5 problemas graves y comunes: Fallas [&hellip;]<\/p>\n","protected":false},"author":3,"featured_media":0,"parent":0,"menu_order":0,"comment_status":"closed","ping_status":"closed","template":"","meta":[],"_links":{"self":[{"href":"https:\/\/365i.mx\/index.php\/wp-json\/wp\/v2\/pages\/2197"}],"collection":[{"href":"https:\/\/365i.mx\/index.php\/wp-json\/wp\/v2\/pages"}],"about":[{"href":"https:\/\/365i.mx\/index.php\/wp-json\/wp\/v2\/types\/page"}],"author":[{"embeddable":true,"href":"https:\/\/365i.mx\/index.php\/wp-json\/wp\/v2\/users\/3"}],"replies":[{"embeddable":true,"href":"https:\/\/365i.mx\/index.php\/wp-json\/wp\/v2\/comments?post=2197"}],"version-history":[{"count":37,"href":"https:\/\/365i.mx\/index.php\/wp-json\/wp\/v2\/pages\/2197\/revisions"}],"predecessor-version":[{"id":4194,"href":"https:\/\/365i.mx\/index.php\/wp-json\/wp\/v2\/pages\/2197\/revisions\/4194"}],"wp:attachment":[{"href":"https:\/\/365i.mx\/index.php\/wp-json\/wp\/v2\/media?parent=2197"}],"curies":[{"name":"wp","href":"https:\/\/api.w.org\/{rel}","templated":true}]}}